{"id":455,"date":"2020-03-25T17:40:21","date_gmt":"2020-03-25T17:40:21","guid":{"rendered":"https:\/\/atelier-arda.ch\/?page_id=455"},"modified":"2020-03-25T17:41:29","modified_gmt":"2020-03-25T17:41:29","slug":"logo-design-stufen","status":"publish","type":"page","link":"https:\/\/atelier-arda.ch\/?page_id=455","title":{"rendered":"Logo design stufen"},"content":{"rendered":"\n[et_pb_section fb_built=&#8220;1&#8243; admin_label=&#8220;Gestaltung | design&#8220; _builder_version=&#8220;3.22&#8243; use_background_color_gradient=&#8220;on&#8220; background_color_gradient_start=&#8220;#2B2996&#8243; background_color_gradient_end=&#8220;#101535&#8243; background_color_gradient_type=&#8220;radial&#8220; background_color_gradient_direction_radial=&#8220;top&#8220; background_color_gradient_end_position=&#8220;50%&#8220; background_image=&#8220;https:\/\/atelier-arda.ch\/wp-content\/uploads\/2020\/03\/crypto_illustration_17.png&#8220; background_size=&#8220;initial&#8220; background_position=&#8220;top_center&#8220; custom_padding=&#8220;150px|||&#8220; min_height=&#8220;220px&#8220;][\/et_pb_section][et_pb_section fb_built=&#8220;1&#8243; admin_label=&#8220;Logo design&#8220; _builder_version=&#8220;3.22&#8243; background_color=&#8220;#101535&#8243; custom_margin=&#8220;|||&#8220; custom_padding=&#8220;1px|||||&#8220;][et_pb_row column_structure=&#8220;2_3,1_3&#8243; custom_padding_last_edited=&#8220;on|desktop&#8220; _builder_version=&#8220;3.25&#8243; custom_padding_tablet=&#8220;||0px|&#8220; custom_padding_phone=&#8220;&#8220;][et_pb_column type=&#8220;2_3&#8243; _builder_version=&#8220;3.25&#8243; custom_padding=&#8220;|||&#8220; custom_padding__hover=&#8220;|||&#8220;][et_pb_text _builder_version=&#8220;4.4.1&#8243; text_font=&#8220;||||||||&#8220; header_font=&#8220;||||||||&#8220; header_2_font=&#8220;Titillium Web|600|||||||&#8220; header_2_font_size=&#8220;36px&#8220; header_2_letter_spacing=&#8220;2px&#8220; header_2_line_height=&#8220;1.3em&#8220; background_layout=&#8220;dark&#8220; header_2_font_size_tablet=&#8220;&#8220; header_2_font_size_phone=&#8220;28px&#8220; header_2_font_size_last_edited=&#8220;on|phone&#8220;]<h2>Logo design stufen \u00a0<\/h2>[\/et_pb_text][et_pb_divider color=&#8220;#4328B7&#8243; divider_weight=&#8220;4px&#8220; _builder_version=&#8220;3.2&#8243; max_width=&#8220;80px&#8220; height=&#8220;4px&#8220;][\/et_pb_divider][et_pb_text _builder_version=&#8220;4.4.1&#8243; text_font=&#8220;||||||||&#8220; text_font_size=&#8220;16px&#8220; text_line_height=&#8220;2em&#8220; header_font=&#8220;||||||||&#8220; background_layout=&#8220;dark&#8220;]<p>Ihr Logo ist Ihre Signatur auf dem Markt, die Ihr Unternehmen, Ihr Produkt und Ihre Branche widerspiegelt und Sie von Ihren Mitbewerbern abhebt. Es enth\u00e4lt Symbole, Schriftarten und Farben, die Sie im Auge behalten und erkannt werden. Es pr\u00e4sentiert sich nach dem Geschmack des Markeninhabers mit professionellen Pr\u00e4sentationen.<\/p>\n<p>&nbsp;<\/p>\n<p>Unser Hauptziel in diesem Prozess ist es, das sch\u00f6nste Design in kurzer Zeit und perfekt mit den von Ihnen bereitgestellten Informationen zu entwerfen und es nach Belieben durch gegenseitigen Austausch von Ideen und Recherchen zu vervollst\u00e4ndigen. Angeforderte Korrekturen werden im Einklang mit der Harmonie des Designs behandelt, und die gemeinsame Arbeit wird mit dem Auftraggeber bereitgestellt.<\/p>[\/et_pb_text][\/et_pb_column][et_pb_column type=&#8220;1_3&#8243; _builder_version=&#8220;3.25&#8243; custom_padding=&#8220;|||&#8220; custom_padding__hover=&#8220;|||&#8220;][et_pb_blurb title=&#8220;Logo Design&#8220; use_icon=&#8220;on&#8220; font_icon=&#8220;%%308%%&#8220; icon_color=&#8220;#3C3CC8&#8243; icon_placement=&#8220;left&#8220; content_max_width=&#8220;558px&#8220; _builder_version=&#8220;4.4.1&#8243; header_font=&#8220;Titillium Web|700||on|||||&#8220; header_font_size=&#8220;14px&#8220; header_letter_spacing=&#8220;2px&#8220; header_line_height=&#8220;1.8em&#8220; body_font=&#8220;Source Sans Pro||||||||&#8220; body_text_color=&#8220;rgba(255,255,255,0.7)&#8220; body_font_size=&#8220;16px&#8220; body_line_height=&#8220;1.8em&#8220; background_color=&#8220;rgba(60,60,200,0.2)&#8220; background_image=&#8220;https:\/\/atelier-arda.ch\/wp-content\/uploads\/2020\/03\/Logo-Stufe-skizze-4-scaled-e1584305352614.jpg&#8220; background_layout=&#8220;dark&#8220; min_height=&#8220;350px&#8220; custom_margin_tablet=&#8220;70px|||&#8220; custom_margin_phone=&#8220;&#8220; custom_margin_last_edited=&#8220;on|desktop&#8220; custom_padding=&#8220;30px|16px|30px|16px&#8220; animation_style=&#8220;fold&#8220; border_width_all=&#8220;2px&#8220; border_color_all=&#8220;#4328B7&#8243; box_shadow_style=&#8220;preset1&#8243; box_shadow_blur=&#8220;60px&#8220; box_shadow_color=&#8220;rgba(60,60,200,0.4)&#8220;][\/et_pb_blurb][\/et_pb_column][\/et_pb_row][et_pb_row column_structure=&#8220;1_3,1_3,1_3&#8243; custom_padding_last_edited=&#8220;on|tablet&#8220; _builder_version=&#8220;3.25&#8243; custom_padding_tablet=&#8220;0px||0px|&#8220; custom_padding_phone=&#8220;&#8220;][et_pb_column type=&#8220;1_3&#8243; _builder_version=&#8220;3.25&#8243; custom_padding=&#8220;|||&#8220; custom_padding__hover=&#8220;|||&#8220;][et_pb_blurb title=&#8220;Gespr\u00e4ch:&#8220; use_icon=&#8220;on&#8220; font_icon=&#8220;%%85%%&#8220; icon_color=&#8220;#3C3CC8&#8243; icon_placement=&#8220;left&#8220; _builder_version=&#8220;4.4.1&#8243; header_font=&#8220;Titillium Web|700||on|||||&#8220; header_font_size=&#8220;14px&#8220; header_letter_spacing=&#8220;2px&#8220; header_line_height=&#8220;1.8em&#8220; body_font=&#8220;Source Sans Pro||||||||&#8220; body_text_color=&#8220;rgba(255,255,255,0.7)&#8220; body_font_size=&#8220;16px&#8220; body_line_height=&#8220;1.8em&#8220; background_color=&#8220;rgba(60,60,200,0.2)&#8220; background_layout=&#8220;dark&#8220; custom_padding=&#8220;30px|16px|30px|16px&#8220; animation_style=&#8220;fold&#8220; animation_delay=&#8220;200ms&#8220; border_width_all=&#8220;2px&#8220; border_color_all=&#8220;#4328B7&#8243; box_shadow_style=&#8220;preset1&#8243; box_shadow_blur=&#8220;60px&#8220; box_shadow_color=&#8220;rgba(60,60,200,0.4)&#8220;]<p>Informationen \u00fcber Ihr Unternehmen oder Produkt, Projektdetails und Ihre Pr\u00e4ferenzen werden in unserem gemeinsamen Treffen gekl\u00e4rt. Der Umfang des Projekts sowie Ihre Ziele und Erwartungen werden festgelegt.<\/p>[\/et_pb_blurb][\/et_pb_column][et_pb_column type=&#8220;1_3&#8243; _builder_version=&#8220;3.25&#8243; custom_padding=&#8220;|||&#8220; custom_padding__hover=&#8220;|||&#8220;][et_pb_blurb title=&#8220;Ideenbildungsprozess:&#8220; use_icon=&#8220;on&#8220; font_icon=&#8220;%%75%%&#8220; icon_color=&#8220;#3C3CC8&#8243; icon_placement=&#8220;left&#8220; _builder_version=&#8220;4.4.1&#8243; header_font=&#8220;Titillium Web|700||on|||||&#8220; header_font_size=&#8220;14px&#8220; header_letter_spacing=&#8220;2px&#8220; header_line_height=&#8220;1.8em&#8220; body_font=&#8220;Source Sans Pro||||||||&#8220; body_text_color=&#8220;rgba(255,255,255,0.7)&#8220; body_font_size=&#8220;16px&#8220; body_line_height=&#8220;1.8em&#8220; background_color=&#8220;rgba(60,60,200,0.2)&#8220; background_layout=&#8220;dark&#8220; custom_padding=&#8220;30px|16px|30px|16px&#8220; animation_style=&#8220;fold&#8220; animation_delay=&#8220;400ms&#8220; border_width_all=&#8220;2px&#8220; border_color_all=&#8220;#4328B7&#8243; box_shadow_style=&#8220;preset1&#8243; box_shadow_blur=&#8220;60px&#8220; box_shadow_color=&#8220;rgba(60,60,200,0.4)&#8220;]<p>Wir liefern Informationen zu den Ideen, Farben und Ausstiegspunkten, die wir mit unserem Kunden erstellen, wo wir unsere Forschungsdaten mit der Pr\u00e4sentation teilen und bilden in gegenseitiger Absprache den Ausgangspunkt Ihrer Entw\u00fcrfe.<\/p>[\/et_pb_blurb][\/et_pb_column][et_pb_column type=&#8220;1_3&#8243; _builder_version=&#8220;3.25&#8243; custom_padding=&#8220;|||&#8220; custom_padding__hover=&#8220;|||&#8220;][et_pb_blurb title=&#8220;Skizze und Vorarbeiten:&#8220; use_icon=&#8220;on&#8220; font_icon=&#8220;%%166%%&#8220; icon_color=&#8220;#3C3CC8&#8243; icon_placement=&#8220;left&#8220; _builder_version=&#8220;3.3.1&#8243; header_font=&#8220;Titillium Web|700||on|||||&#8220; header_font_size=&#8220;14px&#8220; header_letter_spacing=&#8220;2px&#8220; header_line_height=&#8220;1.8em&#8220; body_font=&#8220;Source Sans Pro||||||||&#8220; body_text_color=&#8220;rgba(255,255,255,0.7)&#8220; body_font_size=&#8220;16px&#8220; body_line_height=&#8220;1.8em&#8220; background_color=&#8220;rgba(60,60,200,0.2)&#8220; background_layout=&#8220;dark&#8220; custom_padding=&#8220;30px|16px|30px|16px&#8220; animation_style=&#8220;fold&#8220; animation_delay=&#8220;100ms&#8220; border_width_all=&#8220;2px&#8220; border_color_all=&#8220;#4328B7&#8243; box_shadow_style=&#8220;preset1&#8243; box_shadow_blur=&#8220;60px&#8220; box_shadow_color=&#8220;rgba(60,60,200,0.4)&#8220;]<p>Wir bereiten 3 Demo-Studien vor, indem wir die Daten verwenden, die wir durch den Gedankenaustausch erhalten haben. Die Anzahl der von uns erstellten Demos kann in einigen Sektoren und aufgrund der Art der Arbeit variieren. Ziel ist es, das richtige und gew\u00fcnschte Design zu erhalten.<\/p>[\/et_pb_blurb][\/et_pb_column][\/et_pb_row][et_pb_row column_structure=&#8220;1_3,1_3,1_3&#8243; custom_padding_last_edited=&#8220;on|tablet&#8220; _builder_version=&#8220;3.25&#8243; custom_padding_tablet=&#8220;0px||0px|&#8220; custom_padding_phone=&#8220;&#8220;][et_pb_column type=&#8220;1_3&#8243; _builder_version=&#8220;3.25&#8243; custom_padding=&#8220;|||&#8220; custom_padding__hover=&#8220;|||&#8220;][et_pb_blurb title=&#8220;Auswahl:&#8220; use_icon=&#8220;on&#8220; font_icon=&#8220;%%57%%&#8220; icon_color=&#8220;#3C3CC8&#8243; icon_placement=&#8220;left&#8220; _builder_version=&#8220;4.4.1&#8243; header_font=&#8220;Titillium Web|700||on|||||&#8220; header_font_size=&#8220;14px&#8220; header_letter_spacing=&#8220;2px&#8220; header_line_height=&#8220;1.8em&#8220; body_font=&#8220;Source Sans Pro||||||||&#8220; body_text_color=&#8220;rgba(255,255,255,0.7)&#8220; body_font_size=&#8220;16px&#8220; body_line_height=&#8220;1.8em&#8220; background_color=&#8220;rgba(60,60,200,0.2)&#8220; background_layout=&#8220;dark&#8220; custom_padding=&#8220;30px|16px|30px|16px&#8220; animation_style=&#8220;fold&#8220; animation_delay=&#8220;200ms&#8220; border_width_all=&#8220;2px&#8220; border_color_all=&#8220;#4328B7&#8243; box_shadow_style=&#8220;preset1&#8243; box_shadow_blur=&#8220;60px&#8220; box_shadow_color=&#8220;rgba(60,60,200,0.4)&#8220;]<p>Aufgrund der vorgenommenen Entw\u00fcrfe endet der Entwurfsprozess mit Abschluss unserer Kunden, wenn die \u00dcberarbeitung, die Farboptionen und die Typografie Einstellungen abgeschlossen sind.<\/p>[\/et_pb_blurb][\/et_pb_column][et_pb_column type=&#8220;1_3&#8243; _builder_version=&#8220;3.25&#8243; custom_padding=&#8220;|||&#8220; custom_padding__hover=&#8220;|||&#8220;][et_pb_blurb title=&#8220;Finalisieren:&#8220; use_icon=&#8220;on&#8220; font_icon=&#8220;%%52%%&#8220; icon_color=&#8220;#3C3CC8&#8243; icon_placement=&#8220;left&#8220; _builder_version=&#8220;4.4.1&#8243; header_font=&#8220;Titillium Web|700||on|||||&#8220; header_font_size=&#8220;14px&#8220; header_letter_spacing=&#8220;2px&#8220; header_line_height=&#8220;1.8em&#8220; body_font=&#8220;Source Sans Pro||||||||&#8220; body_text_color=&#8220;rgba(255,255,255,0.7)&#8220; body_font_size=&#8220;16px&#8220; body_line_height=&#8220;1.8em&#8220; background_color=&#8220;rgba(60,60,200,0.2)&#8220; background_layout=&#8220;dark&#8220; custom_padding=&#8220;30px|16px|30px|16px&#8220; animation_style=&#8220;fold&#8220; animation_delay=&#8220;400ms&#8220; border_width_all=&#8220;2px&#8220; border_color_all=&#8220;#4328B7&#8243; box_shadow_style=&#8220;preset1&#8243; box_shadow_blur=&#8220;60px&#8220; box_shadow_color=&#8220;rgba(60,60,200,0.4)&#8220;]<p>Nach dem Genehmigungsprozess werden endg\u00fcltige Anpassungen vorgenommen, indem gegebenenfalls Kontrollen am Design vorgenommen werden.<\/p>[\/et_pb_blurb][\/et_pb_column][et_pb_column type=&#8220;1_3&#8243; _builder_version=&#8220;3.25&#8243; custom_padding=&#8220;|||&#8220; custom_padding__hover=&#8220;|||&#8220;][et_pb_blurb title=&#8220;Lieferung:&#8220; use_icon=&#8220;on&#8220; font_icon=&#8220;%%114%%&#8220; icon_color=&#8220;#3C3CC8&#8243; icon_placement=&#8220;left&#8220; _builder_version=&#8220;4.4.1&#8243; header_font=&#8220;Titillium Web|700||on|||||&#8220; header_font_size=&#8220;14px&#8220; header_letter_spacing=&#8220;2px&#8220; header_line_height=&#8220;1.8em&#8220; body_font=&#8220;Source Sans Pro||||||||&#8220; body_text_color=&#8220;rgba(255,255,255,0.7)&#8220; body_font_size=&#8220;16px&#8220; body_line_height=&#8220;1.8em&#8220; background_color=&#8220;rgba(60,60,200,0.2)&#8220; background_layout=&#8220;dark&#8220; custom_padding=&#8220;30px|16px|30px|16px&#8220; animation_style=&#8220;fold&#8220; animation_delay=&#8220;100ms&#8220; border_width_all=&#8220;2px&#8220; border_color_all=&#8220;#4328B7&#8243; box_shadow_style=&#8220;preset1&#8243; box_shadow_blur=&#8220;60px&#8220; box_shadow_color=&#8220;rgba(60,60,200,0.4)&#8220;]<p>In der Lieferphase werden Farb- und Pantone-Werte im Internet mit Logoerweiterungen f\u00fcr den Einsatz in Bereichen wie Web, Digitaldruck, Druck und Siebdruck nach Kundenwunsch geliefert.<\/p>[\/et_pb_blurb][\/et_pb_column][\/et_pb_row][et_pb_row column_structure=&#8220;1_3,1_3,1_3&#8243; custom_padding_last_edited=&#8220;on|desktop&#8220; _builder_version=&#8220;4.4.1&#8243; custom_padding_tablet=&#8220;0px|||&#8220; custom_padding_phone=&#8220;&#8220;][et_pb_column type=&#8220;1_3&#8243; _builder_version=&#8220;3.25&#8243; custom_padding=&#8220;|||&#8220; custom_padding__hover=&#8220;|||&#8220;][et_pb_blurb title=&#8220;Skizze&#8220; use_icon=&#8220;on&#8220; font_icon=&#8220;%%166%%&#8220; icon_color=&#8220;#3C3CC8&#8243; icon_placement=&#8220;left&#8220; _builder_version=&#8220;4.4.1&#8243; header_font=&#8220;Titillium Web|700||on|||||&#8220; header_font_size=&#8220;14px&#8220; header_letter_spacing=&#8220;2px&#8220; header_line_height=&#8220;1.8em&#8220; body_font=&#8220;Source Sans Pro||||||||&#8220; body_text_color=&#8220;rgba(255,255,255,0.7)&#8220; body_font_size=&#8220;16px&#8220; body_line_height=&#8220;1.8em&#8220; background_color=&#8220;rgba(60,60,200,0.2)&#8220; background_image=&#8220;https:\/\/atelier-arda.ch\/wp-content\/uploads\/2020\/03\/Logo-Stufe-skizze-scaled-e1584305413210.jpg&#8220; background_layout=&#8220;dark&#8220; min_height=&#8220;342px&#8220; custom_padding=&#8220;30px|16px|30px|16px&#8220; animation_style=&#8220;fold&#8220; animation_delay=&#8220;500ms&#8220; border_width_all=&#8220;2px&#8220; border_color_all=&#8220;#4328B7&#8243; box_shadow_style=&#8220;preset1&#8243; box_shadow_blur=&#8220;60px&#8220; box_shadow_color=&#8220;rgba(60,60,200,0.4)&#8220;][\/et_pb_blurb][\/et_pb_column][et_pb_column type=&#8220;1_3&#8243; _builder_version=&#8220;4.4.1&#8243;][et_pb_blurb title=&#8220;Auswahl&#8220; use_icon=&#8220;on&#8220; font_icon=&#8220;%%57%%&#8220; icon_color=&#8220;#3C3CC8&#8243; icon_placement=&#8220;left&#8220; _builder_version=&#8220;4.4.1&#8243; header_font=&#8220;Titillium Web|700||on|||||&#8220; header_font_size=&#8220;14px&#8220; header_letter_spacing=&#8220;2px&#8220; header_line_height=&#8220;1.8em&#8220; body_font=&#8220;Source Sans Pro||||||||&#8220; body_text_color=&#8220;rgba(255,255,255,0.7)&#8220; body_font_size=&#8220;16px&#8220; body_line_height=&#8220;1.8em&#8220; background_color=&#8220;rgba(60,60,200,0.2)&#8220; background_image=&#8220;https:\/\/atelier-arda.ch\/wp-content\/uploads\/2020\/03\/Logo-Stufe-skizze-2-scaled-e1584305396526.jpg&#8220; background_layout=&#8220;dark&#8220; min_height=&#8220;342px&#8220; custom_padding=&#8220;30px|16px|30px|16px&#8220; animation_style=&#8220;fold&#8220; animation_delay=&#8220;500ms&#8220; border_width_all=&#8220;2px&#8220; border_color_all=&#8220;#4328B7&#8243; box_shadow_style=&#8220;preset1&#8243; box_shadow_blur=&#8220;60px&#8220; box_shadow_color=&#8220;rgba(60,60,200,0.4)&#8220;][\/et_pb_blurb][\/et_pb_column][et_pb_column type=&#8220;1_3&#8243; _builder_version=&#8220;4.4.1&#8243;][et_pb_blurb title=&#8220;Finalisierung&#8220; use_icon=&#8220;on&#8220; font_icon=&#8220;%%52%%&#8220; icon_color=&#8220;#3C3CC8&#8243; icon_placement=&#8220;left&#8220; _builder_version=&#8220;4.4.1&#8243; header_font=&#8220;Titillium Web|700||on|||||&#8220; header_font_size=&#8220;14px&#8220; header_letter_spacing=&#8220;2px&#8220; header_line_height=&#8220;1.8em&#8220; body_font=&#8220;Source Sans Pro||||||||&#8220; body_text_color=&#8220;rgba(255,255,255,0.7)&#8220; body_font_size=&#8220;16px&#8220; body_line_height=&#8220;1.8em&#8220; background_color=&#8220;rgba(60,60,200,0.2)&#8220; background_image=&#8220;https:\/\/atelier-arda.ch\/wp-content\/uploads\/2020\/03\/Logo-Stufe-skizze-3-scaled-e1584305373177.jpg&#8220; background_layout=&#8220;dark&#8220; min_height=&#8220;342px&#8220; custom_padding=&#8220;30px|16px|30px|16px&#8220; animation_style=&#8220;fold&#8220; animation_delay=&#8220;500ms&#8220; border_width_all=&#8220;2px&#8220; border_color_all=&#8220;#4328B7&#8243; box_shadow_style=&#8220;preset1&#8243; box_shadow_blur=&#8220;60px&#8220; box_shadow_color=&#8220;rgba(60,60,200,0.4)&#8220;][\/et_pb_blurb][\/et_pb_column][\/et_pb_row][\/et_pb_section][et_pb_section fb_built=&#8220;1&#8243; admin_label=&#8220;Corporate identity design&#8220; _builder_version=&#8220;3.22&#8243; background_color=&#8220;#101535&#8243; custom_margin=&#8220;|||&#8220; custom_padding=&#8220;|||&#8220;][et_pb_row column_structure=&#8220;1_3,1_3,1_3&#8243; custom_padding_last_edited=&#8220;on|desktop&#8220; _builder_version=&#8220;4.4.1&#8243; custom_padding_tablet=&#8220;0px|||&#8220; custom_padding_phone=&#8220;&#8220;][et_pb_column type=&#8220;1_3&#8243; _builder_version=&#8220;3.25&#8243; custom_padding=&#8220;|||&#8220; custom_padding__hover=&#8220;|||&#8220;][et_pb_blurb title=&#8220;Corporate Identity muster&#8220; use_icon=&#8220;on&#8220; font_icon=&#8220;%%166%%&#8220; icon_color=&#8220;#3C3CC8&#8243; icon_placement=&#8220;left&#8220; _builder_version=&#8220;4.4.1&#8243; header_font=&#8220;Titillium Web|700||on|||||&#8220; header_font_size=&#8220;14px&#8220; header_letter_spacing=&#8220;2px&#8220; header_line_height=&#8220;1.8em&#8220; body_font=&#8220;Source Sans Pro||||||||&#8220; body_text_color=&#8220;rgba(255,255,255,0.7)&#8220; body_font_size=&#8220;16px&#8220; body_line_height=&#8220;1.8em&#8220; background_color=&#8220;rgba(60,60,200,0.2)&#8220; background_image=&#8220;https:\/\/atelier-arda.ch\/wp-content\/uploads\/2020\/03\/Gourmet-de-news-Box-e1584817135306.png&#8220; background_layout=&#8220;dark&#8220; min_height=&#8220;342px&#8220; custom_padding=&#8220;30px|16px|30px|16px&#8220; animation_style=&#8220;fold&#8220; animation_delay=&#8220;500ms&#8220; border_width_all=&#8220;2px&#8220; border_color_all=&#8220;#4328B7&#8243; box_shadow_style=&#8220;preset1&#8243; box_shadow_blur=&#8220;60px&#8220; box_shadow_color=&#8220;rgba(60,60,200,0.4)&#8220;][\/et_pb_blurb][\/et_pb_column][et_pb_column type=&#8220;1_3&#8243; _builder_version=&#8220;4.4.1&#8243;][et_pb_blurb title=&#8220;CORPORATE IDENTITY MUSTER&#8220; use_icon=&#8220;on&#8220; font_icon=&#8220;%%57%%&#8220; icon_color=&#8220;#3C3CC8&#8243; icon_placement=&#8220;left&#8220; _builder_version=&#8220;4.4.1&#8243; header_font=&#8220;Titillium Web|700||on|||||&#8220; header_font_size=&#8220;14px&#8220; header_letter_spacing=&#8220;2px&#8220; header_line_height=&#8220;1.8em&#8220; body_font=&#8220;Source Sans Pro||||||||&#8220; body_text_color=&#8220;rgba(255,255,255,0.7)&#8220; body_font_size=&#8220;16px&#8220; body_line_height=&#8220;1.8em&#8220; background_color=&#8220;rgba(60,60,200,0.2)&#8220; background_image=&#8220;https:\/\/atelier-arda.ch\/wp-content\/uploads\/2020\/03\/Gourmet-de-news-Textil-etik.png&#8220; background_layout=&#8220;dark&#8220; min_height=&#8220;342px&#8220; custom_padding=&#8220;30px|16px|30px|16px&#8220; animation_style=&#8220;fold&#8220; animation_delay=&#8220;500ms&#8220; border_width_all=&#8220;2px&#8220; border_color_all=&#8220;#4328B7&#8243; box_shadow_style=&#8220;preset1&#8243; box_shadow_blur=&#8220;60px&#8220; box_shadow_color=&#8220;rgba(60,60,200,0.4)&#8220;][\/et_pb_blurb][\/et_pb_column][et_pb_column type=&#8220;1_3&#8243; _builder_version=&#8220;4.4.1&#8243;][et_pb_blurb title=&#8220;CORPORATE IDENTITY MUSTER&#8220; use_icon=&#8220;on&#8220; font_icon=&#8220;%%52%%&#8220; icon_color=&#8220;#3C3CC8&#8243; icon_placement=&#8220;left&#8220; _builder_version=&#8220;4.4.1&#8243; header_font=&#8220;Titillium Web|700||on|||||&#8220; header_font_size=&#8220;14px&#8220; header_letter_spacing=&#8220;2px&#8220; header_line_height=&#8220;1.8em&#8220; body_font=&#8220;Source Sans Pro||||||||&#8220; body_text_color=&#8220;rgba(255,255,255,0.7)&#8220; body_font_size=&#8220;16px&#8220; body_line_height=&#8220;1.8em&#8220; background_color=&#8220;rgba(60,60,200,0.2)&#8220; background_image=&#8220;https:\/\/atelier-arda.ch\/wp-content\/uploads\/2020\/03\/Gourmet-de-news-Gold.png&#8220; background_layout=&#8220;dark&#8220; min_height=&#8220;342px&#8220; custom_padding=&#8220;30px|16px|30px|16px&#8220; animation_style=&#8220;fold&#8220; animation_delay=&#8220;500ms&#8220; border_width_all=&#8220;2px&#8220; border_color_all=&#8220;#4328B7&#8243; box_shadow_style=&#8220;preset1&#8243; box_shadow_blur=&#8220;60px&#8220; box_shadow_color=&#8220;rgba(60,60,200,0.4)&#8220;][\/et_pb_blurb][\/et_pb_column][\/et_pb_row][\/et_pb_section][et_pb_section fb_built=&#8220;1&#8243; custom_padding_last_edited=&#8220;on|phone&#8220; prev_background_color=&#8220;#101535&#8243; admin_label=&#8220;Contact&#8220; _builder_version=&#8220;3.22&#8243; use_background_color_gradient=&#8220;on&#8220; background_color_gradient_start=&#8220;#12163D&#8220; background_color_gradient_end=&#8220;#2b2996&#8243; background_image=&#8220;https:\/\/atelier-arda.ch\/wp-content\/uploads\/2020\/03\/crypto-bg-02.png&#8220; parallax=&#8220;on&#8220; custom_margin=&#8220;|||&#8220; custom_padding=&#8220;400px|0|120px||false|false&#8220; custom_padding_tablet=&#8220;200px|||&#8220; custom_padding_phone=&#8220;150px||100px|&#8220; top_divider_style=&#8220;arrow2&#8243; top_divider_height=&#8220;350px&#8220; top_divider_height_tablet=&#8220;200px&#8220; top_divider_height_phone=&#8220;150px&#8220; top_divider_height_last_edited=&#8220;on|phone&#8220;][\/et_pb_section]\n","protected":false},"excerpt":{"rendered":"","protected":false},"author":1,"featured_media":202,"parent":0,"menu_order":0,"comment_status":"closed","ping_status":"closed","template":"","meta":{"_et_pb_use_builder":"on","_et_pb_old_content":"","_et_gb_content_width":"","footnotes":""},"class_list":["post-455","page","type-page","status-publish","has-post-thumbnail","hentry"],"_links":{"self":[{"href":"https:\/\/atelier-arda.ch\/index.php?rest_route=\/wp\/v2\/pages\/455","targetHints":{"allow":["GET"]}}],"collection":[{"href":"https:\/\/atelier-arda.ch\/index.php?rest_route=\/wp\/v2\/pages"}],"about":[{"href":"https:\/\/atelier-arda.ch\/index.php?rest_route=\/wp\/v2\/types\/page"}],"author":[{"embeddable":true,"href":"https:\/\/atelier-arda.ch\/index.php?rest_route=\/wp\/v2\/users\/1"}],"replies":[{"embeddable":true,"href":"https:\/\/atelier-arda.ch\/index.php?rest_route=%2Fwp%2Fv2%2Fcomments&post=455"}],"version-history":[{"count":3,"href":"https:\/\/atelier-arda.ch\/index.php?rest_route=\/wp\/v2\/pages\/455\/revisions"}],"predecessor-version":[{"id":459,"href":"https:\/\/atelier-arda.ch\/index.php?rest_route=\/wp\/v2\/pages\/455\/revisions\/459"}],"wp:featuredmedia":[{"embeddable":true,"href":"https:\/\/atelier-arda.ch\/index.php?rest_route=\/wp\/v2\/media\/202"}],"wp:attachment":[{"href":"https:\/\/atelier-arda.ch\/index.php?rest_route=%2Fwp%2Fv2%2Fmedia&parent=455"}],"curies":[{"name":"wp","href":"https:\/\/api.w.org\/{rel}","templated":true}]}}