{"id":451,"date":"2020-03-25T17:34:32","date_gmt":"2020-03-25T17:34:32","guid":{"rendered":"https:\/\/atelier-arda.ch\/?page_id=451"},"modified":"2020-03-25T17:42:03","modified_gmt":"2020-03-25T17:42:03","slug":"unsere-gestaltung-design-portfolio","status":"publish","type":"page","link":"https:\/\/atelier-arda.ch\/?page_id=451","title":{"rendered":"Unsere gestaltung | design portfolio"},"content":{"rendered":"\n[et_pb_section fb_built=&#8220;1&#8243; admin_label=&#8220;Gestaltung | design&#8220; _builder_version=&#8220;3.22&#8243; use_background_color_gradient=&#8220;on&#8220; background_color_gradient_start=&#8220;#2B2996&#8243; background_color_gradient_end=&#8220;#101535&#8243; background_color_gradient_type=&#8220;radial&#8220; background_color_gradient_direction_radial=&#8220;top&#8220; background_color_gradient_end_position=&#8220;50%&#8220; background_image=&#8220;https:\/\/atelier-arda.ch\/wp-content\/uploads\/2020\/03\/crypto_illustration_17.png&#8220; background_size=&#8220;initial&#8220; background_position=&#8220;top_center&#8220; custom_padding=&#8220;150px|||&#8220;][\/et_pb_section][et_pb_section fb_built=&#8220;1&#8243; admin_label=&#8220;How to use&#8220; _builder_version=&#8220;3.22&#8243; background_color=&#8220;#101535&#8243; custom_padding=&#8220;|||&#8220;][et_pb_row _builder_version=&#8220;3.25&#8243; locked=&#8220;off&#8220;][et_pb_column type=&#8220;4_4&#8243; _builder_version=&#8220;3.25&#8243; custom_padding=&#8220;|||&#8220; custom_padding__hover=&#8220;|||&#8220;][et_pb_text _builder_version=&#8220;4.4.1&#8243; text_font=&#8220;||||||||&#8220; header_font=&#8220;||||||||&#8220; header_2_font=&#8220;Titillium Web|600|||||||&#8220; header_2_font_size=&#8220;36px&#8220; header_2_letter_spacing=&#8220;2px&#8220; header_2_line_height=&#8220;1.3em&#8220; text_orientation=&#8220;center&#8220; background_layout=&#8220;dark&#8220; header_2_font_size_tablet=&#8220;&#8220; header_2_font_size_phone=&#8220;28px&#8220; header_2_font_size_last_edited=&#8220;on|phone&#8220;]<h2>Unsere gestaltung | design portfolio<\/h2>[\/et_pb_text][et_pb_text _builder_version=&#8220;4.4.1&#8243; text_font=&#8220;||||||||&#8220; text_font_size=&#8220;16px&#8220; text_line_height=&#8220;2em&#8220; header_font=&#8220;||||||||&#8220; text_orientation=&#8220;center&#8220; background_layout=&#8220;dark&#8220; max_width=&#8220;700px&#8220; module_alignment=&#8220;center&#8220; custom_padding=&#8220;||0px|||&#8220;]<p>&nbsp;<\/p>\n<p>Innerhalb unsere gestaltung | design portfolio bieten wir Logo Design, Corporate Identit\u00e4t design, Printsachen design, web design und Socialmedia desing.<\/p>[\/et_pb_text][\/et_pb_column][\/et_pb_row][et_pb_row _builder_version=&#8220;4.4.1&#8243; max_width=&#8220;1440px&#8220; custom_margin=&#8220;70px|||&#8220; use_custom_width=&#8220;on&#8220; custom_width_px=&#8220;1440px&#8220;][et_pb_column type=&#8220;4_4&#8243; _builder_version=&#8220;3.25&#8243; custom_padding=&#8220;|||&#8220; custom_padding__hover=&#8220;|||&#8220;][et_pb_blurb title=&#8220;Logo Design&#8220; image=&#8220;https:\/\/atelier-arda.ch\/wp-content\/uploads\/2020\/03\/Ehl-i-lezzetiz-biz.png&#8220; _builder_version=&#8220;4.4.1&#8243; header_font=&#8220;Titillium Web|700||on|||||&#8220; header_font_size=&#8220;14px&#8220; header_letter_spacing=&#8220;2px&#8220; header_line_height=&#8220;1.8em&#8220; body_font=&#8220;Source Sans Pro||||||||&#8220; body_text_color=&#8220;rgba(255,255,255,0.7)&#8220; body_font_size=&#8220;16px&#8220; body_line_height=&#8220;1.8em&#8220; text_orientation=&#8220;center&#8220; background_layout=&#8220;dark&#8220; max_width=&#8220;700px&#8220; module_alignment=&#8220;center&#8220; animation_style=&#8220;fold&#8220; animation=&#8220;off&#8220; box_shadow_style_image=&#8220;preset1&#8243;]<p style=\"text-align: justify;\">Ihr Logo ist Ihre Signatur auf dem Markt, die Ihr Unternehmen, Ihr Produkt und Ihre Branche widerspiegelt&#8230;<\/p>[\/et_pb_blurb][et_pb_blurb title=&#8220;Socialmedia DESIGN&#8220; image=&#8220;https:\/\/atelier-arda.ch\/wp-content\/uploads\/2020\/03\/Facebook-weiss-3d-e1584809845807.png&#8220; _builder_version=&#8220;4.4.1&#8243; header_font=&#8220;Titillium Web|700||on|||||&#8220; header_font_size=&#8220;14px&#8220; header_letter_spacing=&#8220;2px&#8220; header_line_height=&#8220;1.8em&#8220; body_font=&#8220;Source Sans Pro||||||||&#8220; body_text_color=&#8220;rgba(255,255,255,0.7)&#8220; body_font_size=&#8220;16px&#8220; body_line_height=&#8220;1.8em&#8220; text_orientation=&#8220;center&#8220; background_layout=&#8220;dark&#8220; max_width=&#8220;700px&#8220; module_alignment=&#8220;center&#8220; animation_style=&#8220;fold&#8220; animation=&#8220;off&#8220; box_shadow_style_image=&#8220;preset1&#8243;]<p style=\"text-align: justify;\">Social Media ist der beste Schritt f\u00fcr ein Unternehmen, indem es Markenpr\u00e4sens einfacher und kosteng\u00fcnstiger&#8230;<\/p>[\/et_pb_blurb][et_pb_blurb title=&#8220;WEB DESIGN&#8220; image=&#8220;https:\/\/atelier-arda.ch\/wp-content\/uploads\/2020\/03\/Responsive-e1584288376313.png&#8220; _builder_version=&#8220;4.4.1&#8243; header_font=&#8220;Titillium Web|700||on|||||&#8220; header_font_size=&#8220;14px&#8220; header_letter_spacing=&#8220;2px&#8220; header_line_height=&#8220;1.8em&#8220; body_font=&#8220;Source Sans Pro||||||||&#8220; body_text_color=&#8220;rgba(255,255,255,0.7)&#8220; body_font_size=&#8220;16px&#8220; body_line_height=&#8220;1.8em&#8220; text_orientation=&#8220;center&#8220; background_layout=&#8220;dark&#8220; max_width=&#8220;700px&#8220; module_alignment=&#8220;center&#8220; animation_style=&#8220;fold&#8220; animation=&#8220;off&#8220; box_shadow_style_image=&#8220;preset1&#8243;]<p style=\"text-align: justify;\">In der Gestaltung und Designarbeiten steht Webdesign ganz Anfang auf unsere Liste. Als Webdesigner sind wir&#8230;<\/p>[\/et_pb_blurb][et_pb_blurb title=&#8220;CORPORATE IDENTIT\u00c4T DESIGN&#8220; image=&#8220;https:\/\/atelier-arda.ch\/wp-content\/uploads\/2020\/03\/Gourmet-de-news-Corporate-Quadrat-trans-e1584807232695.png&#8220; _builder_version=&#8220;4.4.1&#8243; header_font=&#8220;Titillium Web|700||on|||||&#8220; header_font_size=&#8220;14px&#8220; header_letter_spacing=&#8220;2px&#8220; header_line_height=&#8220;1.8em&#8220; body_font=&#8220;Source Sans Pro||||||||&#8220; body_text_color=&#8220;rgba(255,255,255,0.7)&#8220; body_font_size=&#8220;16px&#8220; body_line_height=&#8220;1.8em&#8220; text_orientation=&#8220;center&#8220; background_layout=&#8220;dark&#8220; max_width=&#8220;700px&#8220; module_alignment=&#8220;center&#8220; animation_style=&#8220;fold&#8220; animation=&#8220;off&#8220; box_shadow_style_image=&#8220;preset1&#8243;]<p style=\"text-align: justify;\">Corporate Identity ist der allgemeine Name f\u00fcr alle Formen des Verhaltens einer Organisation innerhalb und au\u00dferhalb des..<\/p>[\/et_pb_blurb][et_pb_blurb title=&#8220;PRINTSACHEN DESIGN&#8220; image=&#8220;https:\/\/atelier-arda.ch\/wp-content\/uploads\/2020\/03\/Gourmet-de-news-Hotdrink-trans-e1584807314683.png&#8220; _builder_version=&#8220;4.4.1&#8243; header_font=&#8220;Titillium Web|700||on|||||&#8220; header_font_size=&#8220;14px&#8220; header_letter_spacing=&#8220;2px&#8220; header_line_height=&#8220;1.8em&#8220; body_font=&#8220;Source Sans Pro||||||||&#8220; body_text_color=&#8220;rgba(255,255,255,0.7)&#8220; body_font_size=&#8220;16px&#8220; body_line_height=&#8220;1.8em&#8220; text_orientation=&#8220;center&#8220; background_layout=&#8220;dark&#8220; max_width=&#8220;700px&#8220; module_alignment=&#8220;center&#8220; animation_style=&#8220;fold&#8220; animation=&#8220;off&#8220; box_shadow_style_image=&#8220;preset1&#8243;]<p style=\"text-align: justify;\">mit unserer Kreativit\u00e4t und dazu Kenntnisse zu erforderliche Grafik Softwaren gestalten wir neben Ihren Drucksachen&#8230;<\/p>[\/et_pb_blurb][\/et_pb_column][\/et_pb_row][\/et_pb_section][et_pb_section fb_built=&#8220;1&#8243; admin_label=&#8220;Logo design&#8220; _builder_version=&#8220;3.22&#8243; background_color=&#8220;#101535&#8243; custom_margin=&#8220;|||&#8220; custom_padding=&#8220;|||&#8220;][\/et_pb_section][et_pb_section fb_built=&#8220;1&#8243; admin_label=&#8220;Corporate identity design&#8220; _builder_version=&#8220;3.22&#8243; background_color=&#8220;#101535&#8243; custom_margin=&#8220;|||&#8220; custom_padding=&#8220;|||&#8220;][et_pb_row column_structure=&#8220;1_3,1_3,1_3&#8243; custom_padding_last_edited=&#8220;on|desktop&#8220; _builder_version=&#8220;4.4.1&#8243; custom_padding_tablet=&#8220;0px|||&#8220; custom_padding_phone=&#8220;&#8220;][et_pb_column type=&#8220;1_3&#8243; _builder_version=&#8220;3.25&#8243; custom_padding=&#8220;|||&#8220; custom_padding__hover=&#8220;|||&#8220;][et_pb_blurb title=&#8220;Corporate Identity muster&#8220; use_icon=&#8220;on&#8220; font_icon=&#8220;%%166%%&#8220; icon_color=&#8220;#3C3CC8&#8243; icon_placement=&#8220;left&#8220; _builder_version=&#8220;4.4.1&#8243; header_font=&#8220;Titillium Web|700||on|||||&#8220; header_font_size=&#8220;14px&#8220; header_letter_spacing=&#8220;2px&#8220; header_line_height=&#8220;1.8em&#8220; body_font=&#8220;Source Sans Pro||||||||&#8220; body_text_color=&#8220;rgba(255,255,255,0.7)&#8220; body_font_size=&#8220;16px&#8220; body_line_height=&#8220;1.8em&#8220; background_color=&#8220;rgba(60,60,200,0.2)&#8220; background_image=&#8220;https:\/\/atelier-arda.ch\/wp-content\/uploads\/2020\/03\/Gourmet-de-news-Corporate-A4-trans.png&#8220; background_layout=&#8220;dark&#8220; min_height=&#8220;342px&#8220; custom_padding=&#8220;30px|16px|30px|16px&#8220; animation_style=&#8220;fold&#8220; animation_delay=&#8220;500ms&#8220; border_width_all=&#8220;2px&#8220; border_color_all=&#8220;#4328B7&#8243; box_shadow_style=&#8220;preset1&#8243; box_shadow_blur=&#8220;60px&#8220; box_shadow_color=&#8220;rgba(60,60,200,0.4)&#8220;][\/et_pb_blurb][\/et_pb_column][et_pb_column type=&#8220;1_3&#8243; _builder_version=&#8220;4.4.1&#8243;][et_pb_blurb title=&#8220;CORPORATE IDENTITY MUSTER&#8220; use_icon=&#8220;on&#8220; font_icon=&#8220;%%57%%&#8220; icon_color=&#8220;#3C3CC8&#8243; icon_placement=&#8220;left&#8220; _builder_version=&#8220;4.4.1&#8243; header_font=&#8220;Titillium Web|700||on|||||&#8220; header_font_size=&#8220;14px&#8220; header_letter_spacing=&#8220;2px&#8220; header_line_height=&#8220;1.8em&#8220; body_font=&#8220;Source Sans Pro||||||||&#8220; body_text_color=&#8220;rgba(255,255,255,0.7)&#8220; body_font_size=&#8220;16px&#8220; body_line_height=&#8220;1.8em&#8220; background_color=&#8220;rgba(60,60,200,0.2)&#8220; background_image=&#8220;https:\/\/atelier-arda.ch\/wp-content\/uploads\/2020\/03\/Gourmet-de-news-Hotdrink-trans-e1584807314683.png&#8220; background_size=&#8220;contain&#8220; background_layout=&#8220;dark&#8220; min_height=&#8220;342px&#8220; custom_padding=&#8220;30px|16px|30px|16px&#8220; animation_style=&#8220;fold&#8220; animation_delay=&#8220;500ms&#8220; border_width_all=&#8220;2px&#8220; border_color_all=&#8220;#4328B7&#8243; box_shadow_style=&#8220;preset1&#8243; box_shadow_blur=&#8220;60px&#8220; box_shadow_color=&#8220;rgba(60,60,200,0.4)&#8220;][\/et_pb_blurb][\/et_pb_column][et_pb_column type=&#8220;1_3&#8243; _builder_version=&#8220;4.4.1&#8243;][et_pb_blurb title=&#8220;CORPORATE IDENTITY MUSTER&#8220; use_icon=&#8220;on&#8220; font_icon=&#8220;%%52%%&#8220; icon_color=&#8220;#3C3CC8&#8243; icon_placement=&#8220;left&#8220; _builder_version=&#8220;4.4.1&#8243; header_font=&#8220;Titillium Web|700||on|||||&#8220; header_font_size=&#8220;14px&#8220; header_letter_spacing=&#8220;2px&#8220; header_line_height=&#8220;1.8em&#8220; body_font=&#8220;Source Sans Pro||||||||&#8220; body_text_color=&#8220;rgba(255,255,255,0.7)&#8220; body_font_size=&#8220;16px&#8220; body_line_height=&#8220;1.8em&#8220; background_color=&#8220;rgba(60,60,200,0.2)&#8220; background_image=&#8220;https:\/\/atelier-arda.ch\/wp-content\/uploads\/2020\/03\/Gourmet-de-news-web-trans-e1584824297123.png&#8220; background_size=&#8220;contain&#8220; background_layout=&#8220;dark&#8220; min_height=&#8220;342px&#8220; custom_padding=&#8220;30px|16px|30px|16px&#8220; animation_style=&#8220;fold&#8220; animation_delay=&#8220;500ms&#8220; background_last_edited=&#8220;on|desktop&#8220; border_width_all=&#8220;2px&#8220; border_color_all=&#8220;#4328B7&#8243; box_shadow_style=&#8220;preset1&#8243; box_shadow_blur=&#8220;60px&#8220; box_shadow_color=&#8220;rgba(60,60,200,0.4)&#8220;][\/et_pb_blurb][\/et_pb_column][\/et_pb_row][et_pb_row column_structure=&#8220;1_3,1_3,1_3&#8243; custom_padding_last_edited=&#8220;on|desktop&#8220; _builder_version=&#8220;4.4.1&#8243; custom_padding_tablet=&#8220;0px|||&#8220; custom_padding_phone=&#8220;&#8220;][et_pb_column type=&#8220;1_3&#8243; _builder_version=&#8220;3.25&#8243; custom_padding=&#8220;|||&#8220; custom_padding__hover=&#8220;|||&#8220;][et_pb_blurb title=&#8220;Corporate Identity muster&#8220; use_icon=&#8220;on&#8220; font_icon=&#8220;%%166%%&#8220; icon_color=&#8220;#3C3CC8&#8243; icon_placement=&#8220;left&#8220; _builder_version=&#8220;4.4.1&#8243; header_font=&#8220;Titillium Web|700||on|||||&#8220; header_font_size=&#8220;14px&#8220; header_letter_spacing=&#8220;2px&#8220; header_line_height=&#8220;1.8em&#8220; body_font=&#8220;Source Sans Pro||||||||&#8220; body_text_color=&#8220;rgba(255,255,255,0.7)&#8220; body_font_size=&#8220;16px&#8220; body_line_height=&#8220;1.8em&#8220; background_color=&#8220;rgba(60,60,200,0.2)&#8220; background_image=&#8220;https:\/\/atelier-arda.ch\/wp-content\/uploads\/2020\/03\/Responsive-e1584288376313.png&#8220; background_layout=&#8220;dark&#8220; min_height=&#8220;342px&#8220; custom_padding=&#8220;30px|16px|30px|16px&#8220; animation_style=&#8220;fold&#8220; animation_delay=&#8220;500ms&#8220; border_width_all=&#8220;2px&#8220; border_color_all=&#8220;#4328B7&#8243; box_shadow_style=&#8220;preset1&#8243; box_shadow_blur=&#8220;60px&#8220; box_shadow_color=&#8220;rgba(60,60,200,0.4)&#8220;][\/et_pb_blurb][\/et_pb_column][et_pb_column type=&#8220;1_3&#8243; _builder_version=&#8220;4.4.1&#8243;][et_pb_blurb title=&#8220;CORPORATE IDENTITY MUSTER&#8220; use_icon=&#8220;on&#8220; font_icon=&#8220;%%57%%&#8220; icon_color=&#8220;#3C3CC8&#8243; icon_placement=&#8220;left&#8220; _builder_version=&#8220;4.4.1&#8243; header_font=&#8220;Titillium Web|700||on|||||&#8220; header_font_size=&#8220;14px&#8220; header_letter_spacing=&#8220;2px&#8220; header_line_height=&#8220;1.8em&#8220; body_font=&#8220;Source Sans Pro||||||||&#8220; body_text_color=&#8220;rgba(255,255,255,0.7)&#8220; body_font_size=&#8220;16px&#8220; body_line_height=&#8220;1.8em&#8220; background_color=&#8220;rgba(60,60,200,0.2)&#8220; background_image=&#8220;https:\/\/atelier-arda.ch\/wp-content\/uploads\/2020\/03\/Gourmet-de-news-Gestickt.png&#8220; background_layout=&#8220;dark&#8220; min_height=&#8220;342px&#8220; custom_padding=&#8220;30px|16px|30px|16px&#8220; animation_style=&#8220;fold&#8220; animation_delay=&#8220;500ms&#8220; border_width_all=&#8220;2px&#8220; border_color_all=&#8220;#4328B7&#8243; box_shadow_style=&#8220;preset1&#8243; box_shadow_blur=&#8220;60px&#8220; box_shadow_color=&#8220;rgba(60,60,200,0.4)&#8220;][\/et_pb_blurb][\/et_pb_column][et_pb_column type=&#8220;1_3&#8243; _builder_version=&#8220;4.4.1&#8243;][et_pb_blurb title=&#8220;CORPORATE IDENTITY MUSTER&#8220; use_icon=&#8220;on&#8220; font_icon=&#8220;%%52%%&#8220; icon_color=&#8220;#3C3CC8&#8243; icon_placement=&#8220;left&#8220; _builder_version=&#8220;4.4.1&#8243; header_font=&#8220;Titillium Web|700||on|||||&#8220; header_font_size=&#8220;14px&#8220; header_letter_spacing=&#8220;2px&#8220; header_line_height=&#8220;1.8em&#8220; body_font=&#8220;Source Sans Pro||||||||&#8220; body_text_color=&#8220;rgba(255,255,255,0.7)&#8220; body_font_size=&#8220;16px&#8220; body_line_height=&#8220;1.8em&#8220; background_color=&#8220;rgba(60,60,200,0.2)&#8220; background_image=&#8220;https:\/\/atelier-arda.ch\/wp-content\/uploads\/2020\/03\/Gourmet-de-news-Scene.png&#8220; background_layout=&#8220;dark&#8220; min_height=&#8220;342px&#8220; custom_padding=&#8220;30px|16px|30px|16px&#8220; animation_style=&#8220;fold&#8220; animation_delay=&#8220;500ms&#8220; border_width_all=&#8220;2px&#8220; border_color_all=&#8220;#4328B7&#8243; box_shadow_style=&#8220;preset1&#8243; box_shadow_blur=&#8220;60px&#8220; box_shadow_color=&#8220;rgba(60,60,200,0.4)&#8220;][\/et_pb_blurb][\/et_pb_column][\/et_pb_row][et_pb_row column_structure=&#8220;1_3,1_3,1_3&#8243; custom_padding_last_edited=&#8220;on|desktop&#8220; _builder_version=&#8220;4.4.1&#8243; custom_padding_tablet=&#8220;0px|||&#8220; custom_padding_phone=&#8220;&#8220;][et_pb_column type=&#8220;1_3&#8243; _builder_version=&#8220;3.25&#8243; custom_padding=&#8220;|||&#8220; custom_padding__hover=&#8220;|||&#8220;][et_pb_blurb title=&#8220;Corporate Identity muster&#8220; use_icon=&#8220;on&#8220; font_icon=&#8220;%%166%%&#8220; icon_color=&#8220;#3C3CC8&#8243; icon_placement=&#8220;left&#8220; _builder_version=&#8220;4.4.1&#8243; header_font=&#8220;Titillium Web|700||on|||||&#8220; header_font_size=&#8220;14px&#8220; header_letter_spacing=&#8220;2px&#8220; header_line_height=&#8220;1.8em&#8220; body_font=&#8220;Source Sans Pro||||||||&#8220; body_text_color=&#8220;rgba(255,255,255,0.7)&#8220; body_font_size=&#8220;16px&#8220; body_line_height=&#8220;1.8em&#8220; background_color=&#8220;rgba(60,60,200,0.2)&#8220; background_image=&#8220;https:\/\/atelier-arda.ch\/wp-content\/uploads\/2020\/03\/Gourmet-de-news-Box-e1584817135306.png&#8220; background_layout=&#8220;dark&#8220; min_height=&#8220;342px&#8220; custom_padding=&#8220;30px|16px|30px|16px&#8220; animation_style=&#8220;fold&#8220; animation_delay=&#8220;500ms&#8220; border_width_all=&#8220;2px&#8220; border_color_all=&#8220;#4328B7&#8243; box_shadow_style=&#8220;preset1&#8243; box_shadow_blur=&#8220;60px&#8220; box_shadow_color=&#8220;rgba(60,60,200,0.4)&#8220;][\/et_pb_blurb][\/et_pb_column][et_pb_column type=&#8220;1_3&#8243; _builder_version=&#8220;4.4.1&#8243;][et_pb_blurb title=&#8220;CORPORATE IDENTITY MUSTER&#8220; use_icon=&#8220;on&#8220; font_icon=&#8220;%%57%%&#8220; icon_color=&#8220;#3C3CC8&#8243; icon_placement=&#8220;left&#8220; _builder_version=&#8220;4.4.1&#8243; header_font=&#8220;Titillium Web|700||on|||||&#8220; header_font_size=&#8220;14px&#8220; header_letter_spacing=&#8220;2px&#8220; header_line_height=&#8220;1.8em&#8220; body_font=&#8220;Source Sans Pro||||||||&#8220; body_text_color=&#8220;rgba(255,255,255,0.7)&#8220; body_font_size=&#8220;16px&#8220; body_line_height=&#8220;1.8em&#8220; background_color=&#8220;rgba(60,60,200,0.2)&#8220; background_image=&#8220;https:\/\/atelier-arda.ch\/wp-content\/uploads\/2020\/03\/Gourmet-de-news-Textil-etik.png&#8220; background_layout=&#8220;dark&#8220; min_height=&#8220;342px&#8220; custom_padding=&#8220;30px|16px|30px|16px&#8220; animation_style=&#8220;fold&#8220; animation_delay=&#8220;500ms&#8220; border_width_all=&#8220;2px&#8220; border_color_all=&#8220;#4328B7&#8243; box_shadow_style=&#8220;preset1&#8243; box_shadow_blur=&#8220;60px&#8220; box_shadow_color=&#8220;rgba(60,60,200,0.4)&#8220;][\/et_pb_blurb][\/et_pb_column][et_pb_column type=&#8220;1_3&#8243; _builder_version=&#8220;4.4.1&#8243;][et_pb_blurb title=&#8220;CORPORATE IDENTITY MUSTER&#8220; use_icon=&#8220;on&#8220; font_icon=&#8220;%%52%%&#8220; icon_color=&#8220;#3C3CC8&#8243; icon_placement=&#8220;left&#8220; _builder_version=&#8220;4.4.1&#8243; header_font=&#8220;Titillium Web|700||on|||||&#8220; header_font_size=&#8220;14px&#8220; header_letter_spacing=&#8220;2px&#8220; header_line_height=&#8220;1.8em&#8220; body_font=&#8220;Source Sans Pro||||||||&#8220; body_text_color=&#8220;rgba(255,255,255,0.7)&#8220; body_font_size=&#8220;16px&#8220; body_line_height=&#8220;1.8em&#8220; background_color=&#8220;rgba(60,60,200,0.2)&#8220; background_image=&#8220;https:\/\/atelier-arda.ch\/wp-content\/uploads\/2020\/03\/Gourmet-de-news-Gold.png&#8220; background_layout=&#8220;dark&#8220; min_height=&#8220;342px&#8220; custom_padding=&#8220;30px|16px|30px|16px&#8220; animation_style=&#8220;fold&#8220; animation_delay=&#8220;500ms&#8220; border_width_all=&#8220;2px&#8220; border_color_all=&#8220;#4328B7&#8243; box_shadow_style=&#8220;preset1&#8243; box_shadow_blur=&#8220;60px&#8220; box_shadow_color=&#8220;rgba(60,60,200,0.4)&#8220;][\/et_pb_blurb][\/et_pb_column][\/et_pb_row][\/et_pb_section][et_pb_section fb_built=&#8220;1&#8243; custom_padding_last_edited=&#8220;on|phone&#8220; prev_background_color=&#8220;#101535&#8243; admin_label=&#8220;Contact&#8220; _builder_version=&#8220;3.22&#8243; use_background_color_gradient=&#8220;on&#8220; background_color_gradient_start=&#8220;#12163D&#8220; background_color_gradient_end=&#8220;#2b2996&#8243; background_image=&#8220;https:\/\/atelier-arda.ch\/wp-content\/uploads\/2020\/03\/crypto-bg-02.png&#8220; parallax=&#8220;on&#8220; custom_margin=&#8220;|||&#8220; custom_padding=&#8220;400px|0|120px||false|false&#8220; custom_padding_tablet=&#8220;200px|||&#8220; custom_padding_phone=&#8220;150px||100px|&#8220; top_divider_style=&#8220;arrow2&#8243; top_divider_height=&#8220;350px&#8220; top_divider_height_tablet=&#8220;200px&#8220; top_divider_height_phone=&#8220;150px&#8220; top_divider_height_last_edited=&#8220;on|phone&#8220;][\/et_pb_section]\n","protected":false},"excerpt":{"rendered":"","protected":false},"author":1,"featured_media":320,"parent":0,"menu_order":0,"comment_status":"closed","ping_status":"closed","template":"","meta":{"_et_pb_use_builder":"on","_et_pb_old_content":"","_et_gb_content_width":"","footnotes":""},"class_list":["post-451","page","type-page","status-publish","has-post-thumbnail","hentry"],"_links":{"self":[{"href":"https:\/\/atelier-arda.ch\/index.php?rest_route=\/wp\/v2\/pages\/451","targetHints":{"allow":["GET"]}}],"collection":[{"href":"https:\/\/atelier-arda.ch\/index.php?rest_route=\/wp\/v2\/pages"}],"about":[{"href":"https:\/\/atelier-arda.ch\/index.php?rest_route=\/wp\/v2\/types\/page"}],"author":[{"embeddable":true,"href":"https:\/\/atelier-arda.ch\/index.php?rest_route=\/wp\/v2\/users\/1"}],"replies":[{"embeddable":true,"href":"https:\/\/atelier-arda.ch\/index.php?rest_route=%2Fwp%2Fv2%2Fcomments&post=451"}],"version-history":[{"count":3,"href":"https:\/\/atelier-arda.ch\/index.php?rest_route=\/wp\/v2\/pages\/451\/revisions"}],"predecessor-version":[{"id":460,"href":"https:\/\/atelier-arda.ch\/index.php?rest_route=\/wp\/v2\/pages\/451\/revisions\/460"}],"wp:featuredmedia":[{"embeddable":true,"href":"https:\/\/atelier-arda.ch\/index.php?rest_route=\/wp\/v2\/media\/320"}],"wp:attachment":[{"href":"https:\/\/atelier-arda.ch\/index.php?rest_route=%2Fwp%2Fv2%2Fmedia&parent=451"}],"curies":[{"name":"wp","href":"https:\/\/api.w.org\/{rel}","templated":true}]}}